{"id":3,"date":"2023-08-15T06:42:47","date_gmt":"2023-08-15T06:42:47","guid":{"rendered":"https:\/\/persisfilms.com\/?page_id=3"},"modified":"2023-08-22T05:50:03","modified_gmt":"2023-08-22T02:50:03","slug":"privacy-policy","status":"publish","type":"page","link":"https:\/\/persisfilms.com\/tr\/privacy-policy\/","title":{"rendered":"Gizlilik Politikas\u0131"},"content":{"rendered":"<div data-elementor-type=\"wp-page\" data-elementor-id=\"3\" class=\"elementor elementor-3\" data-elementor-post-type=\"page\">\n\t\t\t\t<div class=\"elementor-element elementor-element-a5a998f e-flex e-con-boxed e-con e-parent\" data-id=\"a5a998f\" data-element_type=\"container\" data-e-type=\"container\" data-settings=\"{&quot;background_background&quot;:&quot;classic&quot;}\">\n\t\t\t\t\t<div class=\"e-con-inner\">\n\t\t\t\t\t<\/div>\n\t\t\t\t<\/div>\n\t\t<div class=\"elementor-element elementor-element-d212742 e-flex e-con-boxed e-con e-parent\" data-id=\"d212742\" data-element_type=\"container\" data-e-type=\"container\">\n\t\t\t\t\t<div class=\"e-con-inner\">\n\t\t\t\t<div class=\"elementor-element elementor-element-824b53c elementor-widget elementor-widget-text-editor\" data-id=\"824b53c\" data-element_type=\"widget\" data-e-type=\"widget\" data-widget_type=\"text-editor.default\">\n\t\t\t\t<div class=\"elementor-widget-container\">\n\t\t\t\t\t\t\t\t\t<p>Persis Film olarak gizlili\u011finize de\u011fer veriyoruz ve ki\u015fisel bilgilerinizi korumay\u0131 taahh\u00fct ediyoruz. Bu Gizlilik Politikas\u0131, persisfilms.com web sitemizi ziyaret etti\u011finizde bilgilerinizi nas\u0131l toplad\u0131\u011f\u0131m\u0131z\u0131, kulland\u0131\u011f\u0131m\u0131z\u0131 ve if\u015fa etti\u011fimizi \u00f6zetlemektedir. Web sitemize eri\u015ferek veya sitemizi kullanarak, bu Gizlilik Politikas\u0131n\u0131n \u015fartlar\u0131n\u0131 kabul etmi\u015f olursunuz.<\/p><p>\u00a0<\/p><h4><span class=\"break-words flex items-start justify-start\">Toplad\u0131\u011f\u0131m\u0131z Bilgiler<\/span><\/h4><p>Web sitemizi ziyaret etti\u011finizde, sizin hakk\u0131n\u0131zda a\u015fa\u011f\u0131dakiler de dahil olmak \u00fczere belirli bilgileri toplayabiliriz:<\/p><ul><li><p>Ki\u015fisel Bilgiler: Web sitemizin ileti\u015fim formu arac\u0131l\u0131\u011f\u0131yla bizimle ileti\u015fime ge\u00e7meyi tercih ederseniz ad\u0131n\u0131z\u0131, e-posta adresinizi ve telefon numaran\u0131z\u0131 toplayabiliriz.<\/p><\/li><li><p>G\u00fcnl\u00fck Verileri: Sunucular\u0131m\u0131z, web sitemizi kullan\u0131m\u0131n\u0131zla olu\u015fturulan bilgileri (\"G\u00fcnl\u00fck Verileri\") otomatik olarak kaydeder. Bu bilgiler IP adresinizi, taray\u0131c\u0131 t\u00fcr\u00fcn\u00fcz\u00fc, i\u015fletim sisteminizi, y\u00f6nlendirme\/\u00e7\u0131k\u0131\u015f sayfalar\u0131n\u0131z\u0131 ve di\u011fer kullan\u0131m bilgilerinizi i\u00e7erebilir.<\/p><\/li><li><p>\u00c7erezler: Web sitemizdeki deneyiminizi geli\u015ftirmek i\u00e7in \u00e7erezleri ve benzer izleme teknolojilerini kullanabiliriz. \u00c7erezler, bilgisayar\u0131n\u0131zda depolanan ve taray\u0131c\u0131n\u0131z\u0131 tan\u0131mam\u0131z\u0131 ve belirli bilgileri hat\u0131rlamam\u0131z\u0131 sa\u011flayan k\u00fc\u00e7\u00fck dosyalard\u0131r.<\/p><\/li><\/ul><h4>\u00a0<\/h4><h4><span class=\"break-words flex items-start justify-start\">Bilgilerinizi Nas\u0131l Kullan\u0131yoruz<\/span><\/h4><p>Toplad\u0131\u011f\u0131m\u0131z bilgileri a\u015fa\u011f\u0131dakiler de dahil olmak \u00fczere \u00e7e\u015fitli ama\u00e7lar i\u00e7in kullanabiliriz:<\/p><ul><li><p>Sorular\u0131n\u0131za yan\u0131t vermek ve m\u00fc\u015fteri deste\u011fi sa\u011flamak i\u00e7in.<\/p><\/li><li><p>Web sitemizdeki deneyiminizi geli\u015ftirmek ve ki\u015fiselle\u015ftirmek i\u00e7in.<\/p><\/li><li><p>Kullan\u0131m e\u011filimlerini analiz etmek ve istatistiksel bilgi toplamak.<\/p><\/li><li><p>Size hizmetlerimiz hakk\u0131nda promosyon malzemeleri veya g\u00fcncellemeler g\u00f6ndermek i\u00e7in (yaln\u0131zca bu t\u00fcr ileti\u015fimleri almay\u0131 se\u00e7tiyseniz).<\/p><\/li><\/ul><h4>\u00a0<\/h4><h4><span class=\"break-words flex items-start justify-start\">Bilgilerinizi Nas\u0131l Koruyoruz<\/span><\/h4><p>Ki\u015fisel bilgilerinizi yetkisiz eri\u015fim, if\u015fa, de\u011fi\u015ftirme veya imhaya kar\u015f\u0131 korumak i\u00e7in end\u00fcstri standard\u0131 g\u00fcvenlik \u00f6nlemleri kullan\u0131yoruz. Bununla birlikte, \u0130nternet \u00fczerinden hi\u00e7bir iletim y\u00f6nteminin veya elektronik depolaman\u0131n 0 g\u00fcvenli olmad\u0131\u011f\u0131n\u0131 l\u00fctfen unutmay\u0131n.<\/p><p>\u00a0<\/p><h4><span class=\"break-words flex items-start justify-start\">\u00dc\u00e7\u00fcnc\u00fc Taraf \u0130f\u015fas\u0131<\/span><\/h4><p>Ki\u015fisel bilgilerinizi izniniz olmadan \u00fc\u00e7\u00fcnc\u00fc taraflara satm\u0131yor, takas etmiyor veya ba\u015fka bir \u015fekilde aktarm\u0131yoruz. Ancak, bilgilerinizi web sitemizi i\u015fletmemize veya i\u015fimizi y\u00fcr\u00fctmemize yard\u0131mc\u0131 olan g\u00fcvenilir \u00fc\u00e7\u00fcnc\u00fc taraf hizmet sa\u011flay\u0131c\u0131larla payla\u015fabiliriz. Bu hizmet sa\u011flay\u0131c\u0131lar s\u00f6zle\u015fme gere\u011fi bilgilerinizi gizli tutmakla y\u00fck\u00fcml\u00fcd\u00fcr ve ba\u015fka herhangi bir ama\u00e7la kullanmalar\u0131 yasakt\u0131r.<\/p><p>\u00a0<\/p><h4><span class=\"break-words flex items-start justify-start\">\u00dc\u00e7\u00fcnc\u00fc Taraf Web Sitelerine Ba\u011flant\u0131lar<\/span><\/h4><p>Web sitemiz \u00fc\u00e7\u00fcnc\u00fc taraf web sitelerine ba\u011flant\u0131lar i\u00e7erebilir. Bu web sitelerinin gizlilik uygulamalar\u0131ndan veya i\u00e7eriklerinden sorumlu olmad\u0131\u011f\u0131m\u0131z\u0131 l\u00fctfen unutmay\u0131n. Ziyaret etti\u011finiz t\u00fcm \u00fc\u00e7\u00fcnc\u00fc taraf web sitelerinin gizlilik politikalar\u0131n\u0131 okuman\u0131z\u0131 \u00f6neririz.<\/p><p>\u00a0<\/p><h4><span class=\"break-words flex items-start justify-start\">\u00c7ocuklar\u0131n Gizlili\u011fi<\/span><\/h4><p>Web sitemiz 13 ya\u015f\u0131n alt\u0131ndaki \u00e7ocuklar i\u00e7in tasarlanmam\u0131\u015ft\u0131r. Bilerek 13 ya\u015f\u0131n alt\u0131ndaki \u00e7ocuklardan ki\u015fisel bilgi toplam\u0131yoruz. 13 ya\u015f\u0131n alt\u0131ndaki bir \u00e7ocuktan ki\u015fisel bilgi toplad\u0131\u011f\u0131m\u0131z\u0131 d\u00fc\u015f\u00fcn\u00fcyorsan\u0131z, l\u00fctfen hemen bizimle ileti\u015fime ge\u00e7in.<\/p><p>\u00a0<\/p><h4><span class=\"break-words flex items-start justify-start\">Bu Gizlilik Politikas\u0131ndaki De\u011fi\u015fiklikler<\/span><\/h4><p>Bu Gizlilik Politikas\u0131n\u0131 diledi\u011fimiz zaman de\u011fi\u015ftirme hakk\u0131m\u0131z sakl\u0131d\u0131r. Herhangi bir de\u011fi\u015fiklik, g\u00fcncellenmi\u015f Gizlilik Politikas\u0131n\u0131n web sitemizde yay\u0131nlanmas\u0131ndan hemen sonra ge\u00e7erli olacakt\u0131r. Herhangi bir de\u011fi\u015fiklik i\u00e7in bu Gizlilik Politikas\u0131n\u0131 periyodik olarak g\u00f6zden ge\u00e7irmenizi \u00f6neririz.<\/p><p>\u00a0<\/p><h4><span class=\"break-words flex items-start justify-start\">Bize Ula\u015f\u0131n<\/span><\/h4><p>Bu Gizlilik Politikas\u0131 hakk\u0131nda herhangi bir sorunuz veya endi\u015feniz varsa, l\u00fctfen info@persisfilms.com adresinden bizimle ileti\u015fime ge\u00e7in. <a href=\"mailto:info@persisfilms.com\">info@persisfilms.com<\/a><\/p><p>Son g\u00fcncelleme 22 A\u011fustos 2023<\/p><p>Web sitemizi kullanarak, bu Gizlilik Politikas\u0131n\u0131 okuyup anlad\u0131\u011f\u0131n\u0131z\u0131 ve bilgilerinizin burada a\u00e7\u0131kland\u0131\u011f\u0131 \u015fekilde toplanmas\u0131n\u0131, kullan\u0131lmas\u0131n\u0131 ve if\u015fa edilmesini kabul etti\u011finizi onaylam\u0131\u015f olursunuz.<\/p>\t\t\t\t\t\t\t\t<\/div>\n\t\t\t\t<\/div>\n\t\t\t\t\t<\/div>\n\t\t\t\t<\/div>\n\t\t\t\t<\/div>","protected":false},"excerpt":{"rendered":"<p>At Persis Films, we value your privacy and are committed to protecting your personal information. This Privacy Policy outlines how we collect, use, and disclose your information when you visit our website, persisfilms.com. By accessing or using our website, you agree to the terms of this Privacy Policy. \u00a0 Information We Collect When you visit [&hellip;]<\/p>\n","protected":false},"author":1,"featured_media":0,"parent":0,"menu_order":0,"comment_status":"closed","ping_status":"open","template":"","meta":{"_acf_changed":false,"site-sidebar-layout":"no-sidebar","site-content-layout":"page-builder","ast-site-content-layout":"default","site-content-style":"default","site-sidebar-style":"default","ast-global-header-display":"","ast-banner-title-visibility":"","ast-main-header-display":"","ast-hfb-above-header-display":"","ast-hfb-below-header-display":"","ast-hfb-mobile-header-display":"","site-post-title":"disabled","ast-breadcrumbs-content":"","ast-featured-img":"disabled","footer-sml-layout":"","ast-disable-related-posts":"","theme-transparent-header-meta":"","adv-header-id-meta":"","stick-header-meta":"","header-above-stick-meta":"","header-main-stick-meta":"","header-below-stick-meta":"","astra-migrate-meta-layouts":"default","ast-page-background-enabled":"default","ast-page-background-meta":{"desktop":{"background-color":"var(--ast-global-color-4)","background-image":"","background-repeat":"repeat","background-position":"center center","background-size":"auto","background-attachment":"scroll","background-type":"","background-media":"","overlay-type":"","overlay-color":"","overlay-opacity":"","overlay-gradient":""},"tablet":{"background-color":"","background-image":"","background-repeat":"repeat","background-position":"center center","background-size":"auto","background-attachment":"scroll","background-type":"","background-media":"","overlay-type":"","overlay-color":"","overlay-opacity":"","overlay-gradient":""},"mobile":{"background-color":"","background-image":"","background-repeat":"repeat","background-position":"center center","background-size":"auto","background-attachment":"scroll","background-type":"","background-media":"","overlay-type":"","overlay-color":"","overlay-opacity":"","overlay-gradient":""}},"ast-content-background-meta":{"desktop":{"background-color":"var(--ast-global-color-5)","background-image":"","background-repeat":"repeat","background-position":"center center","background-size":"auto","background-attachment":"scroll","background-type":"","background-media":"","overlay-type":"","overlay-color":"","overlay-opacity":"","overlay-gradient":""},"tablet":{"background-color":"var(--ast-global-color-5)","background-image":"","background-repeat":"repeat","background-position":"center center","background-size":"auto","background-attachment":"scroll","background-type":"","background-media":"","overlay-type":"","overlay-color":"","overlay-opacity":"","overlay-gradient":""},"mobile":{"background-color":"var(--ast-global-color-5)","background-image":"","background-repeat":"repeat","background-position":"center center","background-size":"auto","background-attachment":"scroll","background-type":"","background-media":"","overlay-type":"","overlay-color":"","overlay-opacity":"","overlay-gradient":""}},"footnotes":""},"class_list":["post-3","page","type-page","status-publish","hentry"],"acf":[],"yoast_head":"<!-- This site is optimized with the Yoast SEO Premium plugin v26.8 (Yoast SEO v27.5) - https:\/\/yoast.com\/product\/yoast-seo-premium-wordpress\/ -->\n<title>Privacy Policy - Persis Films<\/title>\n<meta name=\"robots\" content=\"index, follow, max-snippet:-1, max-image-preview:large, max-video-preview:-1\" \/>\n<link rel=\"canonical\" href=\"https:\/\/persisfilms.com\/tr\/privacy-policy\/\" \/>\n<meta property=\"og:locale\" content=\"tr_TR\" \/>\n<meta property=\"og:type\" content=\"article\" \/>\n<meta property=\"og:title\" content=\"Privacy Policy\" \/>\n<meta property=\"og:description\" content=\"At Persis Films, we value your privacy and are committed to protecting your personal information. This Privacy Policy outlines how we collect, use, and disclose your information when you visit our website, persisfilms.com. By accessing or using our website, you agree to the terms of this Privacy Policy. \u00a0 Information We Collect When you visit [&hellip;]\" \/>\n<meta property=\"og:url\" content=\"https:\/\/persisfilms.com\/tr\/privacy-policy\/\" \/>\n<meta property=\"og:site_name\" content=\"Persis Films\" \/>\n<meta property=\"article:publisher\" content=\"https:\/\/www.facebook.com\/persisfilms\" \/>\n<meta property=\"article:modified_time\" content=\"2023-08-22T02:50:03+00:00\" \/>\n<meta property=\"og:image\" content=\"https:\/\/persisfilms.com\/wp-content\/uploads\/2023\/08\/logo_v2_w_bg.png\" \/>\n\t<meta property=\"og:image:width\" content=\"2552\" \/>\n\t<meta property=\"og:image:height\" content=\"2552\" \/>\n\t<meta property=\"og:image:type\" content=\"image\/png\" \/>\n<meta name=\"twitter:card\" content=\"summary_large_image\" \/>\n<meta name=\"twitter:site\" content=\"@persisfilms\" \/>\n<script type=\"application\/ld+json\" class=\"yoast-schema-graph\">{\"@context\":\"https:\\\/\\\/schema.org\",\"@graph\":[{\"@type\":\"WebPage\",\"@id\":\"https:\\\/\\\/persisfilms.com\\\/privacy-policy\\\/\",\"url\":\"https:\\\/\\\/persisfilms.com\\\/privacy-policy\\\/\",\"name\":\"Privacy Policy - Persis Films\",\"isPartOf\":{\"@id\":\"https:\\\/\\\/persisfilms.com\\\/#website\"},\"datePublished\":\"2023-08-15T06:42:47+00:00\",\"dateModified\":\"2023-08-22T02:50:03+00:00\",\"breadcrumb\":{\"@id\":\"https:\\\/\\\/persisfilms.com\\\/privacy-policy\\\/#breadcrumb\"},\"inLanguage\":\"tr\",\"potentialAction\":[{\"@type\":\"ReadAction\",\"target\":[\"https:\\\/\\\/persisfilms.com\\\/privacy-policy\\\/\"]}]},{\"@type\":\"BreadcrumbList\",\"@id\":\"https:\\\/\\\/persisfilms.com\\\/privacy-policy\\\/#breadcrumb\",\"itemListElement\":[{\"@type\":\"ListItem\",\"position\":1,\"name\":\"Home\",\"item\":\"https:\\\/\\\/persisfilms.com\\\/\"},{\"@type\":\"ListItem\",\"position\":2,\"name\":\"Privacy Policy\"}]},{\"@type\":\"WebSite\",\"@id\":\"https:\\\/\\\/persisfilms.com\\\/#website\",\"url\":\"https:\\\/\\\/persisfilms.com\\\/\",\"name\":\"Persis Films\",\"description\":\"Media Production Company in Istanbul\",\"publisher\":{\"@id\":\"https:\\\/\\\/persisfilms.com\\\/#organization\"},\"alternateName\":\"Persis Fim\",\"potentialAction\":[{\"@type\":\"SearchAction\",\"target\":{\"@type\":\"EntryPoint\",\"urlTemplate\":\"https:\\\/\\\/persisfilms.com\\\/?s={search_term_string}\"},\"query-input\":{\"@type\":\"PropertyValueSpecification\",\"valueRequired\":true,\"valueName\":\"search_term_string\"}}],\"inLanguage\":\"tr\"},{\"@type\":\"Organization\",\"@id\":\"https:\\\/\\\/persisfilms.com\\\/#organization\",\"name\":\"Persis Films\",\"alternateName\":\"Persis Film\",\"url\":\"https:\\\/\\\/persisfilms.com\\\/\",\"logo\":{\"@type\":\"ImageObject\",\"inLanguage\":\"tr\",\"@id\":\"https:\\\/\\\/persisfilms.com\\\/#\\\/schema\\\/logo\\\/image\\\/\",\"url\":\"https:\\\/\\\/persisfilms.com\\\/wp-content\\\/uploads\\\/2023\\\/08\\\/typography_light.png\",\"contentUrl\":\"https:\\\/\\\/persisfilms.com\\\/wp-content\\\/uploads\\\/2023\\\/08\\\/typography_light.png\",\"width\":855,\"height\":241,\"caption\":\"Persis Films\"},\"image\":{\"@id\":\"https:\\\/\\\/persisfilms.com\\\/#\\\/schema\\\/logo\\\/image\\\/\"},\"sameAs\":[\"https:\\\/\\\/www.facebook.com\\\/persisfilms\",\"https:\\\/\\\/x.com\\\/persisfilms\",\"https:\\\/\\\/instagram.com\\\/persisfilms\",\"https:\\\/\\\/www.linkedin.com\\\/company\\\/persisfilms\\\/\",\"https:\\\/\\\/www.youtube.com\\\/channel\\\/UCz6SB87-R_76eXrQh6BrxzQ\"],\"publishingPrinciples\":\"https:\\\/\\\/persisfilms.com\\\/privacy-policy\\\/\",\"ownershipFundingInfo\":\"https:\\\/\\\/persisfilms.com\\\/privacy-policy\\\/\"}]}<\/script>\n<!-- \/ Yoast SEO Premium plugin. -->","yoast_head_json":{"title":"Gizlilik Politikas\u0131 - Persis Films","robots":{"index":"index","follow":"follow","max-snippet":"max-snippet:-1","max-image-preview":"max-image-preview:large","max-video-preview":"max-video-preview:-1"},"canonical":"https:\/\/persisfilms.com\/tr\/privacy-policy\/","og_locale":"tr_TR","og_type":"article","og_title":"Privacy Policy","og_description":"At Persis Films, we value your privacy and are committed to protecting your personal information. This Privacy Policy outlines how we collect, use, and disclose your information when you visit our website, persisfilms.com. By accessing or using our website, you agree to the terms of this Privacy Policy. \u00a0 Information We Collect When you visit [&hellip;]","og_url":"https:\/\/persisfilms.com\/tr\/privacy-policy\/","og_site_name":"Persis Films","article_publisher":"https:\/\/www.facebook.com\/persisfilms","article_modified_time":"2023-08-22T02:50:03+00:00","og_image":[{"width":2552,"height":2552,"url":"https:\/\/persisfilms.com\/wp-content\/uploads\/2023\/08\/logo_v2_w_bg.png","type":"image\/png"}],"twitter_card":"summary_large_image","twitter_site":"@persisfilms","schema":{"@context":"https:\/\/schema.org","@graph":[{"@type":"WebPage","@id":"https:\/\/persisfilms.com\/privacy-policy\/","url":"https:\/\/persisfilms.com\/privacy-policy\/","name":"Gizlilik Politikas\u0131 - Persis Films","isPartOf":{"@id":"https:\/\/persisfilms.com\/#website"},"datePublished":"2023-08-15T06:42:47+00:00","dateModified":"2023-08-22T02:50:03+00:00","breadcrumb":{"@id":"https:\/\/persisfilms.com\/privacy-policy\/#breadcrumb"},"inLanguage":"tr","potentialAction":[{"@type":"ReadAction","target":["https:\/\/persisfilms.com\/privacy-policy\/"]}]},{"@type":"BreadcrumbList","@id":"https:\/\/persisfilms.com\/privacy-policy\/#breadcrumb","itemListElement":[{"@type":"ListItem","position":1,"name":"Home","item":"https:\/\/persisfilms.com\/"},{"@type":"ListItem","position":2,"name":"Privacy Policy"}]},{"@type":"WebSite","@id":"https:\/\/persisfilms.com\/#website","url":"https:\/\/persisfilms.com\/","name":"Persis Film","description":"\u0130stanbul&#039;da Medya Prod\u00fcksiyon \u015eirketi","publisher":{"@id":"https:\/\/persisfilms.com\/#organization"},"alternateName":"Persis Fim","potentialAction":[{"@type":"SearchAction","target":{"@type":"EntryPoint","urlTemplate":"https:\/\/persisfilms.com\/?s={search_term_string}"},"query-input":{"@type":"PropertyValueSpecification","valueRequired":true,"valueName":"search_term_string"}}],"inLanguage":"tr"},{"@type":"Organization","@id":"https:\/\/persisfilms.com\/#organization","name":"Persis Film","alternateName":"Persis Film","url":"https:\/\/persisfilms.com\/","logo":{"@type":"ImageObject","inLanguage":"tr","@id":"https:\/\/persisfilms.com\/#\/schema\/logo\/image\/","url":"https:\/\/persisfilms.com\/wp-content\/uploads\/2023\/08\/typography_light.png","contentUrl":"https:\/\/persisfilms.com\/wp-content\/uploads\/2023\/08\/typography_light.png","width":855,"height":241,"caption":"Persis Films"},"image":{"@id":"https:\/\/persisfilms.com\/#\/schema\/logo\/image\/"},"sameAs":["https:\/\/www.facebook.com\/persisfilms","https:\/\/x.com\/persisfilms","https:\/\/instagram.com\/persisfilms","https:\/\/www.linkedin.com\/company\/persisfilms\/","https:\/\/www.youtube.com\/channel\/UCz6SB87-R_76eXrQh6BrxzQ"],"publishingPrinciples":"https:\/\/persisfilms.com\/privacy-policy\/","ownershipFundingInfo":"https:\/\/persisfilms.com\/privacy-policy\/"}]}},"_links":{"self":[{"href":"https:\/\/persisfilms.com\/tr\/wp-json\/wp\/v2\/pages\/3","targetHints":{"allow":["GET"]}}],"collection":[{"href":"https:\/\/persisfilms.com\/tr\/wp-json\/wp\/v2\/pages"}],"about":[{"href":"https:\/\/persisfilms.com\/tr\/wp-json\/wp\/v2\/types\/page"}],"author":[{"embeddable":true,"href":"https:\/\/persisfilms.com\/tr\/wp-json\/wp\/v2\/users\/1"}],"replies":[{"embeddable":true,"href":"https:\/\/persisfilms.com\/tr\/wp-json\/wp\/v2\/comments?post=3"}],"version-history":[{"count":0,"href":"https:\/\/persisfilms.com\/tr\/wp-json\/wp\/v2\/pages\/3\/revisions"}],"wp:attachment":[{"href":"https:\/\/persisfilms.com\/tr\/wp-json\/wp\/v2\/media?parent=3"}],"curies":[{"name":"wp","href":"https:\/\/api.w.org\/{rel}","templated":true}]}}